{"id":556,"date":"2020-06-23T12:09:32","date_gmt":"2020-06-23T10:09:32","guid":{"rendered":"https:\/\/embolog.serumwerk.de\/?page_id=556"},"modified":"2024-11-12T15:31:57","modified_gmt":"2024-11-12T14:31:57","slug":"order-now","status":"publish","type":"page","link":"https:\/\/embolog.serumwerk.de\/en\/order-now\/","title":{"rendered":"order now"},"content":{"rendered":"<p>[et_pb_section fb_built=&#8221;1&#8243; admin_label=&#8221;slider_englisch&#8221; _builder_version=&#8221;4.16&#8243; custom_padding=&#8221;17px||36px||false|false&#8221; global_colors_info=&#8221;{}&#8221;][et_pb_row _builder_version=&#8221;4.16&#8243; width=&#8221;90%&#8221; max_width=&#8221;1600px&#8221; global_colors_info=&#8221;{}&#8221;][et_pb_column type=&#8221;4_4&#8243; _builder_version=&#8221;4.16&#8243; global_colors_info=&#8221;{}&#8221;][et_pb_image src=&#8221;https:\/\/embolog.serumwerk.de\/wp-content\/uploads\/2024\/11\/Header_2024_E.jpg&#8221; title_text=&#8221;Header_2024_E&#8221; _builder_version=&#8221;4.21.0&#8243; z_index=&#8221;-112&#8243; global_colors_info=&#8221;{}&#8221;][\/et_pb_image][\/et_pb_column][\/et_pb_row][\/et_pb_section][et_pb_section fb_built=&#8221;1&#8243; module_class=&#8221;diagonal-shadow&#8221; _builder_version=&#8221;4.16&#8243; custom_padding=&#8221;||1px|||&#8221; global_colors_info=&#8221;{}&#8221;][et_pb_row _builder_version=&#8221;4.16&#8243; global_colors_info=&#8221;{}&#8221;][et_pb_column type=&#8221;4_4&#8243; _builder_version=&#8221;4.16&#8243; global_colors_info=&#8221;{}&#8221;][et_pb_text content_tablet=&#8221;<\/p>\n<h1 style=%22text-align: center;%22>EmboLog<sup class=%22trademark%22>\u00ae<\/sup> S<\/h1>\n<h1 style=%22text-align: center;%22>order now<\/h1>\n<p>&#8221; content_phone=&#8221;<\/p>\n<h1 style=%22text-align: center;%22>EmboLog<sup class=%22trademark%22>\u00ae<\/sup> S<\/h1>\n<h1 style=%22text-align: center;%22>order now<\/h1>\n<p>&#8221; content_last_edited=&#8221;on|desktop&#8221; _builder_version=&#8221;4.21.0&#8243; header_font=&#8221;Open Sans|700|||||||&#8221; header_text_align=&#8221;center&#8221; header_text_color=&#8221;#067ec7&#8243; global_colors_info=&#8221;{}&#8221;]<\/p>\n<h1>EmboLog<sup class=\"trademark\">\u00ae<\/sup> S &#8211; order now<\/h1>\n<p>[\/et_pb_text][\/et_pb_column][\/et_pb_row][et_pb_row column_structure=&#8221;3_5,2_5&#8243; _builder_version=&#8221;4.16&#8243; custom_padding=&#8221;||0px|||&#8221; global_colors_info=&#8221;{}&#8221;][et_pb_column type=&#8221;3_5&#8243; _builder_version=&#8221;4.16&#8243; global_colors_info=&#8221;{}&#8221;][et_pb_text ul_item_indent=&#8221;30px&#8221; _builder_version=&#8221;4.16&#8243; text_font=&#8221;|300|||||||&#8221; global_colors_info=&#8221;{}&#8221;]For professionals only (only for orders within Germany)<br \/>\n<b class=\"blaunormal\">Order your goods here directly ex factory &#8211; quickly and reliably!<\/b><\/p>\n<ul>\n<li>by telephone: +49 3471 860 401<\/li>\n<li>by fax: +49 3471 860 408<\/li>\n<li>or by <a href=\"mailto:kundendienst@serumwerk.de\">Email<\/a><\/li>\n<\/ul>\n<p><b>Thank you for your order!<\/b><\/p>\n<p>Please state your correct invoice and delivery address and the packaging size and quantity you require.[\/et_pb_text][et_pb_button button_url=&#8221;mailto:kundendienst@serumwerk.de&#8221; button_text=&#8221;order now (by Email)&#8221; button_alignment_tablet=&#8221;center&#8221; button_alignment_phone=&#8221;center&#8221; button_alignment_last_edited=&#8221;on|tablet&#8221; _builder_version=&#8221;4.21.0&#8243; custom_button=&#8221;on&#8221; button_text_size=&#8221;17px&#8221; button_text_color=&#8221;#ffffff&#8221; button_bg_color=&#8221;#067ec7&#8243; button_border_width=&#8221;0px&#8221; button_text_size_tablet=&#8221;18px&#8221; button_text_size_phone=&#8221;15px&#8221; button_text_size_last_edited=&#8221;on|phone&#8221; global_colors_info=&#8221;{}&#8221;][\/et_pb_button][\/et_pb_column][et_pb_column type=&#8221;2_5&#8243; _builder_version=&#8221;4.16&#8243; global_colors_info=&#8221;{}&#8221;][et_pb_image src=&#8221;https:\/\/embolog.serumwerk.de\/wp-content\/uploads\/2024\/11\/EmboLog-Packshot.jpg&#8221; title_text=&#8221;EmboLog Packshot V8&#8243; align_tablet=&#8221;center&#8221; align_phone=&#8221;center&#8221; align_last_edited=&#8221;on|tablet&#8221; _builder_version=&#8221;4.21.0&#8243; width=&#8221;60%&#8221; custom_margin=&#8221;||||false|false&#8221; hover_enabled=&#8221;0&#8243; global_colors_info=&#8221;{}&#8221; sticky_enabled=&#8221;0&#8243;][\/et_pb_image][\/et_pb_column][\/et_pb_row][\/et_pb_section]<\/p>\n","protected":false},"excerpt":{"rendered":"<p>EmboLog\u00ae S &#8211; order nowFor professionals only (only for orders within Germany) Order your goods here directly ex factory &#8211; quickly and reliably! by telephone: +49 3471 860 401 by fax: +49 3471 860 408 or by Email Thank you for your order! Please state your correct invoice and delivery address and the packaging size [&hellip;]<\/p>\n","protected":false},"author":5,"featured_media":0,"parent":0,"menu_order":0,"comment_status":"closed","ping_status":"closed","template":"","meta":{"_et_pb_use_builder":"on","_et_pb_old_content":"[et_pb_section fb_built=\"1\" _builder_version=\"4.4.8\" custom_padding=\"17px||36px|||\" global_module=\"126\" saved_tabs=\"all\"][et_pb_row _builder_version=\"4.4.8\" width=\"90%\" max_width=\"1600px\"][et_pb_column type=\"4_4\" _builder_version=\"4.4.8\"][et_pb_image src=\"https:\/\/embolog.serumwerk.de\/wp-content\/uploads\/2020\/06\/Header-2-scaled.jpg\" title_text=\"Header 2\" _builder_version=\"4.4.8\" z_index=\"-112\"][\/et_pb_image][\/et_pb_column][\/et_pb_row][\/et_pb_section][et_pb_section fb_built=\"1\" module_class=\"diagonal-shadow\" _builder_version=\"4.4.8\" custom_padding=\"||1px|||\"][et_pb_row _builder_version=\"4.4.8\"][et_pb_column type=\"4_4\" _builder_version=\"4.4.8\"][et_pb_text _builder_version=\"4.4.8\" header_font=\"Open Sans|700|||||||\" header_text_align=\"center\" header_text_color=\"#067ec7\"]<h1>EmboLog<sup class=\"trademark\">\u00ae<\/sup> S - jetzt bestellen<\/h1>[\/et_pb_text][\/et_pb_column][\/et_pb_row][et_pb_row column_structure=\"3_5,2_5\" _builder_version=\"4.4.8\" custom_padding=\"||0px|||\"][et_pb_column type=\"3_5\" _builder_version=\"4.4.8\"][et_pb_text ul_item_indent=\"30px\" _builder_version=\"4.4.8\" text_font=\"|300|||||||\"]<b>Nur f\u00fcr Fachkreise<\/b>\r\nBestellen Sie hier Ihre Ware direkt ab Werk:\r\n\r\n<ul>\r\n<li>per Telefon: +49 3471 860 401<\/li>\r\n<li>per Fax: +49 3471 860 408<\/li>\r\n<li>oder per <a href=\"mailto:kundendienst@serumwerk.de\">E-Mail<\/a><\/li>\r\n<\/ul>\r\n<b>Vielen Dank f\u00fcr Ihre Bestellung!<\/b>\r\n\r\nGeben Sie hierf\u00fcr Ihre korrekte Rechnungs- und Lieferadresse sowie die gew\u00fcnschten Pr\u00e4paratenamen, Abpackung und Menge an.[\/et_pb_text][et_pb_button button_url=\"mailto:kundendienst@serumwerk.de\" button_text=\"Jetzt bestellen (per E-Mail)\" _builder_version=\"4.4.8\" custom_button=\"on\" button_text_size=\"17px\" button_text_color=\"#ffffff\" button_bg_color=\"#067ec7\" button_border_width=\"0px\"][\/et_pb_button][\/et_pb_column][et_pb_column type=\"2_5\" _builder_version=\"4.4.8\"][et_pb_image src=\"https:\/\/embolog.serumwerk.de\/wp-content\/uploads\/2020\/06\/EmboLog-Packshot-V7.jpg\" title_text=\"EmboLog Packshot V7\" _builder_version=\"4.4.8\" width=\"58%\" custom_margin=\"42px|||||\"][\/et_pb_image][\/et_pb_column][\/et_pb_row][\/et_pb_section]","_et_gb_content_width":""},"_links":{"self":[{"href":"https:\/\/embolog.serumwerk.de\/en\/wp-json\/wp\/v2\/pages\/556"}],"collection":[{"href":"https:\/\/embolog.serumwerk.de\/en\/wp-json\/wp\/v2\/pages"}],"about":[{"href":"https:\/\/embolog.serumwerk.de\/en\/wp-json\/wp\/v2\/types\/page"}],"author":[{"embeddable":true,"href":"https:\/\/embolog.serumwerk.de\/en\/wp-json\/wp\/v2\/users\/5"}],"replies":[{"embeddable":true,"href":"https:\/\/embolog.serumwerk.de\/en\/wp-json\/wp\/v2\/comments?post=556"}],"version-history":[{"count":20,"href":"https:\/\/embolog.serumwerk.de\/en\/wp-json\/wp\/v2\/pages\/556\/revisions"}],"predecessor-version":[{"id":1491,"href":"https:\/\/embolog.serumwerk.de\/en\/wp-json\/wp\/v2\/pages\/556\/revisions\/1491"}],"wp:attachment":[{"href":"https:\/\/embolog.serumwerk.de\/en\/wp-json\/wp\/v2\/media?parent=556"}],"curies":[{"name":"wp","href":"https:\/\/api.w.org\/{rel}","templated":true}]}}