{"id":895,"date":"2020-06-29T08:16:06","date_gmt":"2020-06-29T06:16:06","guid":{"rendered":"https:\/\/embolog.serumwerk.de\/?page_id=895"},"modified":"2020-06-29T08:16:09","modified_gmt":"2020-06-29T06:16:09","slug":"conditions-of-use","status":"publish","type":"page","link":"https:\/\/embolog.serumwerk.de\/en\/conditions-of-use\/","title":{"rendered":"Conditions of use"},"content":{"rendered":"<p>[et_pb_section fb_built=&#8221;1&#8243; _builder_version=&#8221;4.0.9&#8243;][et_pb_row _builder_version=&#8221;4.0.9&#8243;][et_pb_column type=&#8221;4_4&#8243; _builder_version=&#8221;4.0.9&#8243;][et_pb_text _builder_version=&#8221;4.4.8&#8243; text_font=&#8221;|300|||||||&#8221; hover_enabled=&#8221;0&#8243;]<\/p>\n<div class=\"wpb_text_column wpb_content_element \">\n<div class=\"wpb_wrapper\">\n<h2>Conditions of use<\/h2>\n<\/div>\n<\/div>\n<div class=\"vc_separator wpb_content_element vc_separator_align_center vc_sep_width_10 vc_sep_border_width_4 vc_sep_pos_align_center vc_separator_no_text\">\u00a0<\/div>\n<div class=\"wpb_text_column wpb_content_element \">\n<div class=\"wpb_wrapper\">\n<p><strong>Liability for content<\/strong><\/p>\n<p>As a service provider we are responsible according \u00a7 7 (1) TMG for our own contents on these pages under general law.\u00a0According to \u00a7\u00a7 8 to 10 TMG we are not obligated as a service provider to monitor third-party transmitted or stored information, or to investigate circumstances that indicate illegal activity. Obligations to remove or block the use of information under general law remain unaffected.\u00a0However, a relevant liability is only possible from the date of knowledge of a specific infringement.\u00a0Upon notification of such violations, we will remove the content immediately.<\/p>\n<p><strong>Liability for links<\/strong><\/p>\n<p>Our site contains links to external third-party websites, over whose content we have no control.\u00a0Therefore we cannot accept any responsibility for their third-party content.\u00a0The provider or operator is always responsible for the content of linked pages.\u00a0The linked sites were checked at the time of linking for possible legal violations.\u00a0Illegal contents were not apparent at the time of linking. Permanent control of the content of linked pages is unreasonable without concrete evidence of a violation.\u00a0Upon notification of violations, we will immediately remove such links.<\/p>\n<p><strong>Copyright<\/strong><\/p>\n<p>The content and works on these pages created by the site operators are subject to German copyright law.\u00a0Copying, editing, distribution and any kind of exploitation outside the limits of copyright require the written consent of the author or creator. Downloads and copies of this site are permitted only for private, non-commercial use.\u00a0Insofar as the content is not created by the operator, the copyright of third parties will be respected. In particular contents of third parties are marked as such.\u00a0Should you still be aware of copyright infringement, we ask for notification thereof.\u00a0Upon notification of violations, we will remove the content immediately.<\/p>\n<p><em>Quellverweis:\u00a0<\/em><a href=\"https:\/\/www.e-recht24.de\/\"><em>https:\/\/www.e-recht24.de<\/em><\/a><\/p>\n<\/div>\n<\/div>\n<p>[\/et_pb_text][\/et_pb_column][\/et_pb_row][\/et_pb_section]<\/p>\n","protected":false},"excerpt":{"rendered":"<p>Conditions of use \u00a0 Liability for content As a service provider we are responsible according \u00a7 7 (1) TMG for our own contents on these pages under general law.\u00a0According to \u00a7\u00a7 8 to 10 TMG we are not obligated as a service provider to monitor third-party transmitted or stored information, or to investigate circumstances that [&hellip;]<\/p>\n","protected":false},"author":5,"featured_media":0,"parent":0,"menu_order":0,"comment_status":"closed","ping_status":"closed","template":"","meta":{"_et_pb_use_builder":"on","_et_pb_old_content":"[et_pb_section fb_built=\"1\" _builder_version=\"4.0.9\"][et_pb_row _builder_version=\"4.0.9\"][et_pb_column type=\"4_4\" _builder_version=\"4.0.9\"][et_pb_text _builder_version=\"4.0.9\" text_font=\"|300|||||||\"]<h1>Nutzungsbedingungen<\/h1>\r\n\r\n<strong>Haftung f\u00fcr Inhalte<\/strong>\r\n\r\nAls Diensteanbieter sind wir gem\u00e4\u00df \u00a7 7 Abs.1 TMG f\u00fcr eigene Inhalte auf diesen Seiten nach den allgemeinen Gesetzen verantwortlich. Nach \u00a7\u00a7 8 bis 10 TMG sind wir als Diensteanbieter jedoch nicht verpflichtet, \u00fcbermittelte oder gespeicherte fremde Informationen zu \u00fcberwachen oder nach Umst\u00e4nden zu forschen, die auf eine rechtswidrige T\u00e4tigkeit hinweisen. Verpflichtungen zur Entfernung oder Sperrung der Nutzung von Informationen nach den allgemeinen Gesetzen bleiben hiervon unber\u00fchrt. Eine diesbez\u00fcgliche Haftung ist jedoch erst ab dem Zeitpunkt der Kenntnis einer konkreten Rechtsverletzung m\u00f6glich. Bei Bekanntwerden von entsprechenden Rechtsverletzungen werden wir diese Inhalte umgehend entfernen.\r\n\r\n<strong>Haftung f\u00fcr Links<\/strong>\r\n\r\nUnser Angebot enth\u00e4lt Links zu externen Webseiten Dritter, auf deren Inhalte wir keinen Einfluss haben. Deshalb k\u00f6nnen wir f\u00fcr diese fremden Inhalte auch keine Gew\u00e4hr \u00fcbernehmen. F\u00fcr die Inhalte der verlinkten Seiten ist stets der jeweilige Anbieter oder Betreiber der Seiten verantwortlich. Die verlinkten Seiten wurden zum Zeitpunkt der Verlinkung auf m\u00f6gliche Rechtsverst\u00f6\u00dfe \u00fcberpr\u00fcft. Rechtswidrige Inhalte waren zum Zeitpunkt der Verlinkung nicht erkennbar. Eine permanente inhaltliche Kontrolle der verlinkten Seiten ist jedoch ohne konkrete Anhaltspunkte einer Rechtsverletzung nicht zumutbar. Bei Bekanntwerden von Rechtsverletzungen werden wir derartige Links umgehend entfernen.\r\n\r\n<strong>Urheberrecht<\/strong>\r\n\r\nDie durch die Seitenbetreiber erstellten Inhalte und Werke auf diesen Seiten unterliegen dem deutschen Urheberrecht. Die Vervielf\u00e4ltigung, Bearbeitung, Verbreitung und jede Art der Verwertung au\u00dferhalb der Grenzen des Urheberrechtes bed\u00fcrfen der schriftlichen Zustimmung des jeweiligen Autors bzw. Erstellers. Downloads und Kopien dieser Seite sind, soweit nicht ausdr\u00fccklich anderweitig darauf hingewiesen wird, nur f\u00fcr den privaten, nicht kommerziellen Gebrauch gestattet. Soweit die Inhalte auf dieser Seite nicht vom Betreiber erstellt wurden, werden die Urheberrechte Dritter beachtet. Insbesondere werden Inhalte Dritter als solche gekennzeichnet. Sollten Sie trotzdem auf eine Urheberrechtsverletzung aufmerksam werden, bitten wir um einen entsprechenden Hinweis. Bei Bekanntwerden von Rechtsverletzungen werden wir derartige Inhalte umgehend entfernen.\r\n\r\n \r\n\r\nQuellverweis: https:\/\/www.e-recht24.de[\/et_pb_text][\/et_pb_column][\/et_pb_row][\/et_pb_section]","_et_gb_content_width":""},"_links":{"self":[{"href":"https:\/\/embolog.serumwerk.de\/en\/wp-json\/wp\/v2\/pages\/895"}],"collection":[{"href":"https:\/\/embolog.serumwerk.de\/en\/wp-json\/wp\/v2\/pages"}],"about":[{"href":"https:\/\/embolog.serumwerk.de\/en\/wp-json\/wp\/v2\/types\/page"}],"author":[{"embeddable":true,"href":"https:\/\/embolog.serumwerk.de\/en\/wp-json\/wp\/v2\/users\/5"}],"replies":[{"embeddable":true,"href":"https:\/\/embolog.serumwerk.de\/en\/wp-json\/wp\/v2\/comments?post=895"}],"version-history":[{"count":5,"href":"https:\/\/embolog.serumwerk.de\/en\/wp-json\/wp\/v2\/pages\/895\/revisions"}],"predecessor-version":[{"id":901,"href":"https:\/\/embolog.serumwerk.de\/en\/wp-json\/wp\/v2\/pages\/895\/revisions\/901"}],"wp:attachment":[{"href":"https:\/\/embolog.serumwerk.de\/en\/wp-json\/wp\/v2\/media?parent=895"}],"curies":[{"name":"wp","href":"https:\/\/api.w.org\/{rel}","templated":true}]}}